{"id":31,"date":"2024-04-26T18:21:54","date_gmt":"2024-04-26T16:21:54","guid":{"rendered":"https:\/\/svenskafanzin.se\/gregor\/?page_id=31"},"modified":"2025-12-22T11:03:22","modified_gmt":"2025-12-22T10:03:22","slug":"aktuellt","status":"publish","type":"page","link":"https:\/\/svenskafanzin.se\/gregor\/aktuellt\/","title":{"rendered":"Aktuellt"},"content":{"rendered":"\n<div class=\"wp-block-columns is-layout-flex wp-container-core-columns-is-layout-28f84493 wp-block-columns-is-layout-flex\">\n<div class=\"wp-block-column is-layout-flow wp-block-column-is-layout-flow\"><\/div>\n\n\n\n<div class=\"wp-block-column is-layout-flow wp-block-column-is-layout-flow\"><\/div>\n<\/div>\n\n\n\n<div class=\"wp-block-columns is-layout-flex wp-container-core-columns-is-layout-28f84493 wp-block-columns-is-layout-flex\">\n<div class=\"wp-block-column is-layout-flow wp-block-column-is-layout-flow\">\n<p><strong>Littfest, 12-14 mars 2026, Folkets hus Ume\u00e5<\/strong><\/p>\n\n\n\n<p><strong> <\/strong><\/p>\n\n\n\n<figure class=\"wp-block-image size-full\"><img loading=\"lazy\" decoding=\"async\" width=\"300\" height=\"168\" src=\"https:\/\/svenskafanzin.se\/gregor\/wp-content\/uploads\/2025\/12\/nedladdning.png\" alt=\"\" class=\"wp-image-306\"\/><\/figure>\n\n\n\n<div class=\"wp-block-columns is-layout-flex wp-container-core-columns-is-layout-28f84493 wp-block-columns-is-layout-flex\">\n<div class=\"wp-block-column is-layout-flow wp-block-column-is-layout-flow\"><\/div>\n<\/div>\n<\/div>\n<\/div>\n\n\n\n<p>Littfest \u00e4r Sveriges st\u00f6rsta litteraturfestival med cirka 20 000 seminariebes\u00f6k och \u00f6ver 150 inbjudna medverkande under tre intensiva festivaldagar. I programmet \u00e5terfinns allt fr\u00e5n internationella storheter till lokala guldkorn.<\/p>\n\n\n\n<p>Littfest \u00e4r en koordinerad litteraturfestival med unika samtal och m\u00f6ten. Det du m\u00f6ts av under Littfest \u00e4r noga genomarbetade seminarier som f\u00f6ljer festivalens tematik,&nbsp;konstn\u00e4rliga ambition eller den aktuella samh\u00e4llsdebatten.<\/p>\n\n\n\n<p>Festivalarbetet startade 2006 som en liten gr\u00e4srotsfestival och motr\u00f6relse mot bokbranschens kommersialisering. Festivalen drevs fr\u00e5n b\u00f6rjan av ett antal engagerade privatpersoner, f\u00f6r att senare ta formen av en ideell f\u00f6rening. Den f\u00f6rsta upplagan av Littfest \u00e4gde rum 2007.<\/p>\n\n\n\n<figure class=\"wp-block-image size-full\"><img loading=\"lazy\" decoding=\"async\" width=\"510\" height=\"794\" src=\"https:\/\/svenskafanzin.se\/gregor\/wp-content\/uploads\/2025\/12\/Mormor-Lea_omslagets-framsida.jpg\" alt=\"\" class=\"wp-image-307\" srcset=\"https:\/\/svenskafanzin.se\/gregor\/wp-content\/uploads\/2025\/12\/Mormor-Lea_omslagets-framsida.jpg 510w, https:\/\/svenskafanzin.se\/gregor\/wp-content\/uploads\/2025\/12\/Mormor-Lea_omslagets-framsida-193x300.jpg 193w\" sizes=\"auto, (max-width: 510px) 100vw, 510px\" \/><\/figure>\n\n\n\n<p>Jag kommer att vara p\u00e5 plats vid Celanders f\u00f6rlags bokbord, d\u00e4r jag g\u00e4rna signerar min senaste roman &#8221;Mormor Lea&#8221;.<\/p>\n\n\n\n<p>V\u00e4lkomna.<\/p>\n\n\n\n<p><\/p>\n\n\n\n<div class=\"wp-block-columns is-layout-flex wp-container-core-columns-is-layout-28f84493 wp-block-columns-is-layout-flex\">\n<div class=\"wp-block-column is-layout-flow wp-block-column-is-layout-flow\"><\/div>\n\n\n\n<div class=\"wp-block-column is-layout-flow wp-block-column-is-layout-flow\"><\/div>\n<\/div>\n\n\n\n<p><\/p>\n\n\n\n<p><\/p>\n\n\n\n<p><br><\/p>\n\n\n\n<p><\/p>\n\n\n\n<p><\/p>\n\n\n\n<div class=\"wp-block-columns is-layout-flex wp-container-core-columns-is-layout-28f84493 wp-block-columns-is-layout-flex\">\n<div class=\"wp-block-column is-layout-flow wp-block-column-is-layout-flow\"><\/div>\n\n\n\n<div class=\"wp-block-column is-layout-flow wp-block-column-is-layout-flow\"><\/div>\n<\/div>\n\n\n\n<p><\/p>\n\n\n\n<p><strong>BOKREA! BOKREA! BOKREA!<\/strong><\/p>\n\n\n\n<p><strong>Bokrean p\u00e5 Hamnvikens h\u00f6jder forts\u00e4tter.<\/strong><\/p>\n\n\n\n<div class=\"wp-block-columns is-layout-flex wp-container-core-columns-is-layout-28f84493 wp-block-columns-is-layout-flex\">\n<div class=\"wp-block-column is-layout-flow wp-block-column-is-layout-flow\">\n<figure class=\"wp-block-image size-full\"><img loading=\"lazy\" decoding=\"async\" width=\"247\" height=\"320\" src=\"https:\/\/svenskafanzin.se\/gregor\/wp-content\/uploads\/2025\/02\/F-album_Algerian-1-640x429-1.jpg\" alt=\"\" class=\"wp-image-193\" srcset=\"https:\/\/svenskafanzin.se\/gregor\/wp-content\/uploads\/2025\/02\/F-album_Algerian-1-640x429-1.jpg 247w, https:\/\/svenskafanzin.se\/gregor\/wp-content\/uploads\/2025\/02\/F-album_Algerian-1-640x429-1-232x300.jpg 232w\" sizes=\"auto, (max-width: 247px) 100vw, 247px\" \/><\/figure>\n<\/div>\n\n\n\n<div class=\"wp-block-column is-layout-flow wp-block-column-is-layout-flow\">\n<figure class=\"wp-block-image size-large\"><img loading=\"lazy\" decoding=\"async\" width=\"768\" height=\"1024\" src=\"https:\/\/svenskafanzin.se\/gregor\/wp-content\/uploads\/2025\/02\/20201127_165734-768x1024.jpg\" alt=\"\" class=\"wp-image-194\" srcset=\"https:\/\/svenskafanzin.se\/gregor\/wp-content\/uploads\/2025\/02\/20201127_165734-768x1024.jpg 768w, https:\/\/svenskafanzin.se\/gregor\/wp-content\/uploads\/2025\/02\/20201127_165734-225x300.jpg 225w, https:\/\/svenskafanzin.se\/gregor\/wp-content\/uploads\/2025\/02\/20201127_165734-1152x1536.jpg 1152w, https:\/\/svenskafanzin.se\/gregor\/wp-content\/uploads\/2025\/02\/20201127_165734-1536x2048.jpg 1536w, https:\/\/svenskafanzin.se\/gregor\/wp-content\/uploads\/2025\/02\/20201127_165734-scaled.jpg 1920w\" sizes=\"auto, (max-width: 768px) 100vw, 768px\" \/><\/figure>\n<\/div>\n\n\n\n<div class=\"wp-block-column is-layout-flow wp-block-column-is-layout-flow\">\n<figure class=\"wp-block-image size-large\"><img loading=\"lazy\" decoding=\"async\" width=\"780\" height=\"1024\" src=\"https:\/\/svenskafanzin.se\/gregor\/wp-content\/uploads\/2025\/02\/20221220_120227-2-780x1024.jpg\" alt=\"\" class=\"wp-image-195\" srcset=\"https:\/\/svenskafanzin.se\/gregor\/wp-content\/uploads\/2025\/02\/20221220_120227-2-780x1024.jpg 780w, https:\/\/svenskafanzin.se\/gregor\/wp-content\/uploads\/2025\/02\/20221220_120227-2-229x300.jpg 229w, https:\/\/svenskafanzin.se\/gregor\/wp-content\/uploads\/2025\/02\/20221220_120227-2-768x1008.jpg 768w, https:\/\/svenskafanzin.se\/gregor\/wp-content\/uploads\/2025\/02\/20221220_120227-2-1170x1536.jpg 1170w, https:\/\/svenskafanzin.se\/gregor\/wp-content\/uploads\/2025\/02\/20221220_120227-2-1560x2048.jpg 1560w, https:\/\/svenskafanzin.se\/gregor\/wp-content\/uploads\/2025\/02\/20221220_120227-2-scaled.jpg 1950w\" sizes=\"auto, (max-width: 780px) 100vw, 780px\" \/><\/figure>\n<\/div>\n<\/div>\n\n\n\n<div class=\"wp-block-columns is-layout-flex wp-container-core-columns-is-layout-28f84493 wp-block-columns-is-layout-flex\">\n<div class=\"wp-block-column is-layout-flow wp-block-column-is-layout-flow\">\n<figure class=\"wp-block-image size-full\"><img loading=\"lazy\" decoding=\"async\" width=\"800\" height=\"552\" src=\"https:\/\/svenskafanzin.se\/gregor\/wp-content\/uploads\/2025\/02\/5-800x552-2.jpg\" alt=\"\" class=\"wp-image-196\" srcset=\"https:\/\/svenskafanzin.se\/gregor\/wp-content\/uploads\/2025\/02\/5-800x552-2.jpg 800w, https:\/\/svenskafanzin.se\/gregor\/wp-content\/uploads\/2025\/02\/5-800x552-2-300x207.jpg 300w, https:\/\/svenskafanzin.se\/gregor\/wp-content\/uploads\/2025\/02\/5-800x552-2-768x530.jpg 768w\" sizes=\"auto, (max-width: 800px) 100vw, 800px\" \/><\/figure>\n<\/div>\n\n\n\n<div class=\"wp-block-column is-layout-flow wp-block-column-is-layout-flow\">\n<figure class=\"wp-block-image size-large\"><img loading=\"lazy\" decoding=\"async\" width=\"1024\" height=\"710\" src=\"https:\/\/svenskafanzin.se\/gregor\/wp-content\/uploads\/2025\/02\/ett-spel-storre-an-livet_omslag-1024x710.jpg\" alt=\"\" class=\"wp-image-197\" srcset=\"https:\/\/svenskafanzin.se\/gregor\/wp-content\/uploads\/2025\/02\/ett-spel-storre-an-livet_omslag-1024x710.jpg 1024w, https:\/\/svenskafanzin.se\/gregor\/wp-content\/uploads\/2025\/02\/ett-spel-storre-an-livet_omslag-300x208.jpg 300w, https:\/\/svenskafanzin.se\/gregor\/wp-content\/uploads\/2025\/02\/ett-spel-storre-an-livet_omslag-768x533.jpg 768w, https:\/\/svenskafanzin.se\/gregor\/wp-content\/uploads\/2025\/02\/ett-spel-storre-an-livet_omslag-1536x1065.jpg 1536w, https:\/\/svenskafanzin.se\/gregor\/wp-content\/uploads\/2025\/02\/ett-spel-storre-an-livet_omslag-2048x1420.jpg 2048w\" sizes=\"auto, (max-width: 1024px) 100vw, 1024px\" \/><\/figure>\n<\/div>\n<\/div>\n\n\n\n<p>PRISER:<\/p>\n\n\n\n<p><strong>60:-\/st.&nbsp; &nbsp;100:-\/f\u00f6r 2&nbsp; &nbsp;120:- f\u00f6r 3<\/strong><\/p>\n\n\n\n<p>Tyv\u00e4rr tillkommer porto.<\/p>\n\n\n\n<p><em>F\u00f6r mer info om b\u00f6ckerna se under rubriken &#8221;B\u00f6cker&#8221;<\/em><\/p>\n\n\n\n<p><\/p>\n\n\n\n<p><\/p>\n","protected":false},"excerpt":{"rendered":"<p>Littfest, 12-14 mars 2026, Folkets hus Ume\u00e5 Littfest \u00e4r Sveriges st\u00f6rsta litteraturfestival med cirka 20 000 seminariebes\u00f6k och \u00f6ver 150 inbjudna medverkande under tre intensiva festivaldagar. I programmet \u00e5terfinns allt fr\u00e5n internationella storheter till lokala guldkorn. Littfest \u00e4r en koordinerad litteraturfestival med unika samtal och m\u00f6ten. Det du m\u00f6ts av under Littfest \u00e4r noga genomarbetade [&hellip;]<\/p>\n","protected":false},"author":1,"featured_media":0,"parent":0,"menu_order":0,"comment_status":"closed","ping_status":"closed","template":"","meta":{"footnotes":"[]"},"class_list":["post-31","page","type-page","status-publish","hentry"],"_links":{"self":[{"href":"https:\/\/svenskafanzin.se\/gregor\/wp-json\/wp\/v2\/pages\/31","targetHints":{"allow":["GET"]}}],"collection":[{"href":"https:\/\/svenskafanzin.se\/gregor\/wp-json\/wp\/v2\/pages"}],"about":[{"href":"https:\/\/svenskafanzin.se\/gregor\/wp-json\/wp\/v2\/types\/page"}],"author":[{"embeddable":true,"href":"https:\/\/svenskafanzin.se\/gregor\/wp-json\/wp\/v2\/users\/1"}],"replies":[{"embeddable":true,"href":"https:\/\/svenskafanzin.se\/gregor\/wp-json\/wp\/v2\/comments?post=31"}],"version-history":[{"count":71,"href":"https:\/\/svenskafanzin.se\/gregor\/wp-json\/wp\/v2\/pages\/31\/revisions"}],"predecessor-version":[{"id":308,"href":"https:\/\/svenskafanzin.se\/gregor\/wp-json\/wp\/v2\/pages\/31\/revisions\/308"}],"wp:attachment":[{"href":"https:\/\/svenskafanzin.se\/gregor\/wp-json\/wp\/v2\/media?parent=31"}],"curies":[{"name":"wp","href":"https:\/\/api.w.org\/{rel}","templated":true}]}}